{"id":3190,"date":"2023-08-24T10:35:09","date_gmt":"2023-08-24T10:35:09","guid":{"rendered":"https:\/\/centrumalkos.cz\/?page_id=3190"},"modified":"2026-03-06T12:49:43","modified_gmt":"2026-03-06T12:49:43","slug":"ochranna-znamka","status":"publish","type":"page","link":"https:\/\/centrumalkos.cz\/en\/ochranna-znamka\/","title":{"rendered":"Trademark"},"content":{"rendered":"<div data-elementor-type=\"wp-page\" data-elementor-id=\"3190\" class=\"elementor elementor-3190\" data-elementor-post-type=\"page\">\n\t\t\t\t\t\t<section class=\"elementor-section elementor-top-section elementor-element elementor-element-55334114 elementor-section-boxed elementor-section-height-default elementor-section-height-default\" data-id=\"55334114\" data-element_type=\"section\" data-e-type=\"section\" data-settings=\"{&quot;background_background&quot;:&quot;classic&quot;}\">\n\t\t\t\t\t\t<div class=\"elementor-container elementor-column-gap-default\">\n\t\t\t\t\t<div class=\"elementor-column elementor-col-100 elementor-top-column elementor-element elementor-element-4076d562\" data-id=\"4076d562\" data-element_type=\"column\" data-e-type=\"column\" data-settings=\"{&quot;background_background&quot;:&quot;classic&quot;}\">\n\t\t\t<div class=\"elementor-widget-wrap elementor-element-populated\">\n\t\t\t\t\t\t<div class=\"elementor-element elementor-element-723b0762 elementor-widget elementor-widget-text-editor\" data-id=\"723b0762\" data-element_type=\"widget\" data-e-type=\"widget\" data-widget_type=\"text-editor.default\">\n\t\t\t\t<div class=\"elementor-widget-container\">\n\t\t\t\t\t\t\t\t\t<p><strong>Alkos Centre<\/strong> je registrovan\u00e1 OCHRANN\u00c1 ZN\u00c1MKA zaps\u00e1na do rejst\u0159\u00edku \u00da<span style=\"background-color: var( --e-global-color-primary ); font-size: 1rem;\">\u0159adu pr\u016fmyslov\u00e9ho vlastnictv\u00ed podle \u00a7 28 odst. 1 <\/span><a style=\"font-size: 1rem;\" href=\"https:\/\/upv.gov.cz\/files\/uploads\/PDF_Dokumenty\/pravni_predpisy\/narodni\/441_2003-022022.pdf\" target=\"_blank\" rel=\"noopener\">Z\u00e1kona \u010d. 441\/2003 Sb., o ochrann\u00fdch zn\u00e1mk\u00e1ch<\/a>&nbsp;<span style=\"background-color: var( --e-global-color-primary ); font-size: 1rem;\">pod \u010d\u00edslem 398469.<\/span><\/p>\n<p><a style=\"font-size: 1rem;\" title=\"Osv\u011bd\u010den\u00ed o registraci ochrann\u00e9 zn\u00e1mky Centrum Alkos\" href=\"https:\/\/centrumalkos.cz\/wp-content\/uploads\/2023\/08\/zapisoz_osvedceni_106970147.pdf\" target=\"_blank\" rel=\"noopener\">Osv\u011bd\u010den\u00ed o registraci ochrann\u00e9 zn\u00e1mky Centrum Alkos<\/a><\/p>\t\t\t\t\t\t\t\t<\/div>\n\t\t\t\t<\/div>\n\t\t\t\t\t<\/div>\n\t\t<\/div>\n\t\t\t\t\t<\/div>\n\t\t<\/section>\n\t\t\t\t<\/div>","protected":false},"excerpt":{"rendered":"<p>Centrum Alkos je registrovan\u00e1 OCHRANN\u00c1 ZN\u00c1MKA zaps\u00e1na do rejst\u0159\u00edku \u00da\u0159adu pr\u016fmyslov\u00e9ho vlastnictv\u00ed podle \u00a7 28 odst. 1 Z\u00e1kona \u010d. 441\/2003 Sb., o ochrann\u00fdch zn\u00e1mk\u00e1ch&nbsp;pod \u010d\u00edslem 398469. Osv\u011bd\u010den\u00ed o registraci ochrann\u00e9 zn\u00e1mky Centrum Alkos<\/p>","protected":false},"author":1,"featured_media":0,"parent":0,"menu_order":0,"comment_status":"closed","ping_status":"closed","template":"","meta":{"footnotes":""},"class_list":["post-3190","page","type-page","status-publish","hentry"],"_links":{"self":[{"href":"https:\/\/centrumalkos.cz\/en\/wp-json\/wp\/v2\/pages\/3190","targetHints":{"allow":["GET"]}}],"collection":[{"href":"https:\/\/centrumalkos.cz\/en\/wp-json\/wp\/v2\/pages"}],"about":[{"href":"https:\/\/centrumalkos.cz\/en\/wp-json\/wp\/v2\/types\/page"}],"author":[{"embeddable":true,"href":"https:\/\/centrumalkos.cz\/en\/wp-json\/wp\/v2\/users\/1"}],"replies":[{"embeddable":true,"href":"https:\/\/centrumalkos.cz\/en\/wp-json\/wp\/v2\/comments?post=3190"}],"version-history":[{"count":9,"href":"https:\/\/centrumalkos.cz\/en\/wp-json\/wp\/v2\/pages\/3190\/revisions"}],"predecessor-version":[{"id":4878,"href":"https:\/\/centrumalkos.cz\/en\/wp-json\/wp\/v2\/pages\/3190\/revisions\/4878"}],"wp:attachment":[{"href":"https:\/\/centrumalkos.cz\/en\/wp-json\/wp\/v2\/media?parent=3190"}],"curies":[{"name":"wp","href":"https:\/\/api.w.org\/{rel}","templated":true}]}}