{"id":4160,"date":"2025-05-09T12:13:20","date_gmt":"2025-05-09T12:13:20","guid":{"rendered":"https:\/\/centrumalkos.cz\/?page_id=4160"},"modified":"2026-03-06T12:49:12","modified_gmt":"2026-03-06T12:49:12","slug":"obchodni-podminky","status":"publish","type":"page","link":"https:\/\/centrumalkos.cz\/en\/obchodni-podminky\/","title":{"rendered":"Obchodn\u00ed podm\u00ednky"},"content":{"rendered":"<div data-elementor-type=\"wp-page\" data-elementor-id=\"4160\" class=\"elementor elementor-4160\" data-elementor-post-type=\"page\">\n\t\t\t\t\t\t<section class=\"elementor-section elementor-top-section elementor-element elementor-element-55334114 elementor-section-boxed elementor-section-height-default elementor-section-height-default\" data-id=\"55334114\" data-element_type=\"section\" data-e-type=\"section\" data-settings=\"{&quot;background_background&quot;:&quot;classic&quot;}\">\n\t\t\t\t\t\t<div class=\"elementor-container elementor-column-gap-default\">\n\t\t\t\t\t<div class=\"elementor-column elementor-col-100 elementor-top-column elementor-element elementor-element-4076d562\" data-id=\"4076d562\" data-element_type=\"column\" data-e-type=\"column\" data-settings=\"{&quot;background_background&quot;:&quot;classic&quot;}\">\n\t\t\t<div class=\"elementor-widget-wrap elementor-element-populated\">\n\t\t\t\t\t\t<div class=\"elementor-element elementor-element-c9f283b elementor-widget elementor-widget-heading\" data-id=\"c9f283b\" data-element_type=\"widget\" data-e-type=\"widget\" data-widget_type=\"heading.default\">\n\t\t\t\t<div class=\"elementor-widget-container\">\n\t\t\t\t\t<h2 class=\"elementor-heading-title elementor-size-default\">Obchodn\u00ed podm\u00ednky pro psychoterapeutick\u00e9 slu\u017eby \u2013 Centrum Alkos<\/h2>\t\t\t\t<\/div>\n\t\t\t\t<\/div>\n\t\t\t\t<div class=\"elementor-element elementor-element-723b0762 elementor-widget elementor-widget-text-editor\" data-id=\"723b0762\" data-element_type=\"widget\" data-e-type=\"widget\" data-widget_type=\"text-editor.default\">\n\t\t\t\t<div class=\"elementor-widget-container\">\n\t\t\t\t\t\t\t\t\t<h4>I. Poskytovatel slu\u017eeb<\/h4>\n<p>Psychoterapeutick\u00e9 slu\u017eby jsou poskytov\u00e1ny spole\u010dnost\u00ed&nbsp;<strong>Help for me s.r.o.<\/strong>, se s\u00eddlem Revolu\u010dn\u00ed 1403\/28, Nov\u00e9 M\u011bsto, 110 00 Praha 1, I\u010c: 09919201 (d\u00e1le jen \u201eposkytovatel\u201c).<\/p>\n<h4>II. Objedn\u00e1n\u00ed a zru\u0161en\u00ed term\u00ednu<\/h4>\n<ul>\n<li>\n<p><strong>Objedn\u00e1n\u00ed<\/strong>:&nbsp;Klienti si mohou sjednat term\u00edn prost\u0159ednictv\u00edm online formul\u00e1\u0159e na webu&nbsp;<a href=\"https:\/\/centrumalkos.cz\/en\/rezervace\/\" target=\"_blank\">centrumalkos.cz\/rezervace<\/a>, telefonicky na \u010d\u00edsle +420 725 733 699 nebo e-mailem na adrese&nbsp;<a href=\"mailto:michaela.duffkova@centrumalkos.cz\" target=\"_blank\" rel=\"noopener\">michaela.duffkova@<wbr>centrumalkos.cz<\/a>.<\/p>\n<\/li>\n<li>\n<p><strong>Zru\u0161en\u00ed term\u00ednu<\/strong>:&nbsp;Zru\u0161en\u00ed nebo p\u0159eobjedn\u00e1n\u00ed term\u00ednu je mo\u017en\u00e9 nejpozd\u011bji 24 hodin p\u0159ed pl\u00e1novanou konzultac\u00ed. V p\u0159\u00edpad\u011b pozd\u011bj\u0161\u00edho zru\u0161en\u00ed nebo nedostaven\u00ed se na sjednan\u00fd term\u00edn m\u016f\u017ee b\u00fdt \u00fa\u010dtov\u00e1n storno poplatek ve v\u00fd\u0161i 100 % ceny sezen\u00ed.<\/p>\n<\/li>\n<\/ul>\n<h4>III. Cen\u00edk slu\u017eeb<\/h4>\n<ul>\n<li>\n<p><strong>Individu\u00e1ln\u00ed psychoterapie<\/strong>:&nbsp;1 700 K\u010d \/ 50 minut<\/p>\n<\/li>\n<li>\n<p><strong>Rodinn\u00e9 poradenstv\u00ed (2 terapeuti)<\/strong>:&nbsp;2 500 K\u010d \/ 50 minut<\/p>\n<\/li>\n<li>\n<p><strong>Skupinov\u00e1 terapie (dol\u00e9\u010dov\u00e1n\u00ed)<\/strong>:&nbsp;od 700 K\u010d \/ 90 minut<\/p>\n<\/li>\n<li>\n<p><strong>Individu\u00e1ln\u00ed terapie (dol\u00e9\u010dov\u00e1n\u00ed)<\/strong>:&nbsp;1 700 K\u010d \/ 50 minut<\/p>\n<\/li>\n<\/ul>\n<p>Aktu\u00e1ln\u00ed cen\u00edk je dostupn\u00fd na str\u00e1nce&nbsp;<a href=\"https:\/\/centrumalkos.cz\/en\/ambulance\/\" target=\"_blank\" rel=\"noopener noreferrer\" data-saferedirecturl=\"https:\/\/www.google.com\/url?q=https:\/\/centrumalkos.cz\/ambulance\/&amp;source=gmail&amp;ust=1746877967897000&amp;usg=AOvVaw2TqPmDec8IJx59fFgm7w0c\">centrumalkos.cz\/ambulance<\/a>.<\/p><p><br><\/p>\n<h4>IV. Platebn\u00ed podm\u00ednky<\/h4>\n<ul>\n<li>\n<p><strong>Zp\u016fsob platby<\/strong>:&nbsp;Platba za slu\u017eby prob\u00edh\u00e1 na m\u00edst\u011b po skon\u010den\u00ed sezen\u00ed, a to bu\u010f v hotovosti, nebo bezhotovostn\u011b (platebn\u00ed kartou).<\/p>\n<\/li>\n<li>\n<p><strong>Faktura\u010dn\u00ed \u00fadaje<\/strong>:&nbsp;Na vy\u017e\u00e1d\u00e1n\u00ed je mo\u017en\u00e9 vystavit da\u0148ov\u00fd doklad.<\/p>\n<\/li>\n<\/ul><div><br><\/div>\n<h4>V. Ochrana osobn\u00edch \u00fadaj\u016f<\/h4>\n<p>Poskytovatel zpracov\u00e1v\u00e1 osobn\u00ed \u00fadaje klient\u016f v souladu s Na\u0159\u00edzen\u00edm (EU) 2016\/679 (GDPR). Podrobn\u00e9 informace o zpracov\u00e1n\u00ed osobn\u00edch \u00fadaj\u016f jsou uvedeny v dokumentu&nbsp;<a href=\"https:\/\/centrumalkos.cz\/en\/zasady-ochrany-osobnich-udaju\/\" target=\"_blank\" rel=\"noopener noreferrer\" data-saferedirecturl=\"https:\/\/www.google.com\/url?q=https:\/\/centrumalkos.cz\/zasady-ochrany-osobnich-udaju\/&amp;source=gmail&amp;ust=1746877967897000&amp;usg=AOvVaw13ciLUuOpdSvor9kQ9irDk\">Z\u00e1sady ochrany osobn\u00edch \u00fadaj\u016f<\/a>.<\/p><p><br><\/p>\n<h4>VI. Pr\u00e1va a povinnosti klienta<\/h4>\n<ul>\n<li>\n<p><strong>Pr\u00e1vo na informace<\/strong>:&nbsp;Klient m\u00e1 pr\u00e1vo b\u00fdt informov\u00e1n o pr\u016fb\u011bhu a c\u00edlech terapie.<\/p>\n<\/li>\n<li>\n<p><strong>D\u016fv\u011brnost<\/strong>:&nbsp;V\u0161echny informace sd\u011blen\u00e9 b\u011bhem terapie jsou d\u016fv\u011brn\u00e9 a podl\u00e9haj\u00ed ml\u010denlivosti.<\/p>\n<\/li>\n<li>\n<p><strong>Spolupr\u00e1ce<\/strong>:&nbsp;\u00dasp\u011bch terapie z\u00e1vis\u00ed na aktivn\u00ed spolupr\u00e1ci klienta.<\/p>\n<\/li>\n<\/ul><div><br><\/div>\n<h4>VII. Z\u00e1v\u011bre\u010dn\u00e1 ustanoven\u00ed<\/h4>\n<ul>\n<li>\n<p><strong>Zm\u011bny podm\u00ednek<\/strong>:&nbsp;Poskytovatel si vyhrazuje pr\u00e1vo na zm\u011bnu t\u011bchto obchodn\u00edch podm\u00ednek. Aktu\u00e1ln\u00ed verze bude v\u017edy dostupn\u00e1 na webov\u00fdch str\u00e1nk\u00e1ch.<\/p>\n<\/li>\n<li>\n<p><strong>\u00da\u010dinnost<\/strong>:&nbsp;Tyto obchodn\u00ed podm\u00ednky nab\u00fdvaj\u00ed \u00fa\u010dinnosti dnem 1. 1. 2023.<\/p>\n<\/li>\n<\/ul>\t\t\t\t\t\t\t\t<\/div>\n\t\t\t\t<\/div>\n\t\t\t\t\t<\/div>\n\t\t<\/div>\n\t\t\t\t\t<\/div>\n\t\t<\/section>\n\t\t\t\t<\/div>","protected":false},"excerpt":{"rendered":"<p>Obchodn\u00ed podm\u00ednky pro psychoterapeutick\u00e9 slu\u017eby \u2013 Centrum Alkos I. Poskytovatel slu\u017eeb Psychoterapeutick\u00e9 slu\u017eby jsou poskytov\u00e1ny spole\u010dnost\u00ed&nbsp;Help for me s.r.o., se s\u00eddlem Revolu\u010dn\u00ed 1403\/28, Nov\u00e9 M\u011bsto, 110 00 Praha 1, I\u010c: 09919201 (d\u00e1le jen \u201eposkytovatel\u201c). II. Objedn\u00e1n\u00ed a zru\u0161en\u00ed term\u00ednu Objedn\u00e1n\u00ed:&nbsp;Klienti si mohou sjednat term\u00edn prost\u0159ednictv\u00edm online formul\u00e1\u0159e na webu&nbsp;centrumalkos.cz\/rezervace, telefonicky na \u010d\u00edsle +420 725 733 [&hellip;]<\/p>\n","protected":false},"author":1,"featured_media":0,"parent":0,"menu_order":0,"comment_status":"closed","ping_status":"closed","template":"","meta":{"footnotes":""},"class_list":["post-4160","page","type-page","status-publish","hentry"],"_links":{"self":[{"href":"https:\/\/centrumalkos.cz\/en\/wp-json\/wp\/v2\/pages\/4160","targetHints":{"allow":["GET"]}}],"collection":[{"href":"https:\/\/centrumalkos.cz\/en\/wp-json\/wp\/v2\/pages"}],"about":[{"href":"https:\/\/centrumalkos.cz\/en\/wp-json\/wp\/v2\/types\/page"}],"author":[{"embeddable":true,"href":"https:\/\/centrumalkos.cz\/en\/wp-json\/wp\/v2\/users\/1"}],"replies":[{"embeddable":true,"href":"https:\/\/centrumalkos.cz\/en\/wp-json\/wp\/v2\/comments?post=4160"}],"version-history":[{"count":9,"href":"https:\/\/centrumalkos.cz\/en\/wp-json\/wp\/v2\/pages\/4160\/revisions"}],"predecessor-version":[{"id":4877,"href":"https:\/\/centrumalkos.cz\/en\/wp-json\/wp\/v2\/pages\/4160\/revisions\/4877"}],"wp:attachment":[{"href":"https:\/\/centrumalkos.cz\/en\/wp-json\/wp\/v2\/media?parent=4160"}],"curies":[{"name":"wp","href":"https:\/\/api.w.org\/{rel}","templated":true}]}}