{"id":4347,"date":"2025-10-07T10:01:22","date_gmt":"2025-10-07T10:01:22","guid":{"rendered":"https:\/\/centrumalkos.cz\/?page_id=4347"},"modified":"2026-03-06T16:49:21","modified_gmt":"2026-03-06T16:49:21","slug":"detox","status":"publish","type":"page","link":"https:\/\/centrumalkos.cz\/en\/detox\/","title":{"rendered":"detox"},"content":{"rendered":"<div data-elementor-type=\"wp-page\" data-elementor-id=\"4347\" class=\"elementor elementor-4347\" data-elementor-post-type=\"page\">\n\t\t\t\t<div class=\"elementor-element elementor-element-b85bc6a e-flex e-con-boxed e-con e-parent\" data-id=\"b85bc6a\" data-element_type=\"container\" data-e-type=\"container\" data-settings=\"{&quot;background_background&quot;:&quot;classic&quot;}\">\n\t\t\t\t\t<div class=\"e-con-inner\">\n\t\t\t\t<div class=\"elementor-element elementor-element-0cc8ae5 elementor-widget__width-initial elementor-widget elementor-widget-heading\" data-id=\"0cc8ae5\" data-element_type=\"widget\" data-e-type=\"widget\" data-widget_type=\"heading.default\">\n\t\t\t\t<div class=\"elementor-widget-container\">\n\t\t\t\t\t<h2 class=\"elementor-heading-title elementor-size-default\">L\u00e9ka\u0159sk\u00fd detox<\/h2>\t\t\t\t<\/div>\n\t\t\t\t<\/div>\n\t\t\t\t<div class=\"elementor-element elementor-element-f8f490e elementor-align-center elementor-widget elementor-widget-button\" data-id=\"f8f490e\" data-element_type=\"widget\" data-e-type=\"widget\" data-widget_type=\"button.default\">\n\t\t\t\t<div class=\"elementor-widget-container\">\n\t\t\t\t\t\t\t\t\t<div class=\"elementor-button-wrapper\">\n\t\t\t\t\t<a class=\"elementor-button elementor-button-link elementor-size-sm\" href=\"\/en\/rezervace\/\">\n\t\t\t\t\t\t<span class=\"elementor-button-content-wrapper\">\n\t\t\t\t\t\t\t\t\t<span class=\"elementor-button-text\">I want to arrange a meeting<\/span>\n\t\t\t\t\t<\/span>\n\t\t\t\t\t<\/a>\n\t\t\t\t<\/div>\n\t\t\t\t\t\t\t\t<\/div>\n\t\t\t\t<\/div>\n\t\t\t\t\t<\/div>\n\t\t\t\t<\/div>\n\t\t<div class=\"elementor-element elementor-element-adcc967 e-flex e-con-boxed e-con e-parent\" data-id=\"adcc967\" data-element_type=\"container\" data-e-type=\"container\" id=\"ambulancni-lecba\">\n\t\t\t\t\t<div class=\"e-con-inner\">\n\t\t\t\t<div class=\"elementor-element elementor-element-ea71d4e elementor-widget elementor-widget-heading\" data-id=\"ea71d4e\" data-element_type=\"widget\" data-e-type=\"widget\" data-widget_type=\"heading.default\">\n\t\t\t\t<div class=\"elementor-widget-container\">\n\t\t\t\t\t<h3 class=\"elementor-heading-title elementor-size-default\">How we help:<\/h3>\t\t\t\t<\/div>\n\t\t\t\t<\/div>\n\t\t\t\t<div class=\"elementor-element elementor-element-61c3c43 elementor-widget elementor-widget-heading\" data-id=\"61c3c43\" data-element_type=\"widget\" data-e-type=\"widget\" data-widget_type=\"heading.default\">\n\t\t\t\t<div class=\"elementor-widget-container\">\n\t\t\t\t\t<h2 class=\"elementor-heading-title elementor-size-default\"><span style=\"color: #1b405d\">&gt; <\/span>Zaji\u0161t\u011bn\u00fd L\u00e9ka\u0159sk\u00fd detox p\u0159ed l\u00e9\u010dbou<\/h2>\t\t\t\t<\/div>\n\t\t\t\t<\/div>\n\t\t\t\t<div class=\"elementor-element elementor-element-0c32ff0 elementor-widget elementor-widget-text-editor\" data-id=\"0c32ff0\" data-element_type=\"widget\" data-e-type=\"widget\" data-widget_type=\"text-editor.default\">\n\t\t\t\t<div class=\"elementor-widget-container\">\n\t\t\t\t\t\t\t\t\t<div><p>N\u011bkte\u0159\u00ed na\u0161i klienti pot\u0159ebuj\u00ed p\u0159ed samotnou l\u00e9\u010dbou i <span style=\"color: #003366;\"><strong>odborn\u011b veden\u00fd detoxika\u010dn\u00ed pobyt<\/strong><\/span>.\u00a0<\/p><\/div><div><p>V takov\u00fdch p\u0159\u00edpadech zprost\u0159edkov\u00e1v\u00e1me kr\u00e1tkodob\u00fd l\u00e9ka\u0159sk\u00fd detox ve specializovan\u00e9m zdravotnick\u00e9m za\u0159\u00edzen\u00ed, kter\u00fd je\u00a0<span style=\"color: #003366;\"><strong>pln\u011b hrazen zdravotn\u00ed poji\u0161\u0165ovnou<\/strong><\/span><b>.<\/b><br \/><b><\/b><br \/>Detox je ur\u010den v\u00fdhradn\u011b pro klienty Centra Alkos, kte\u0159\u00ed mohou m\u00edt z\u00e1va\u017en\u011bj\u0161\u00ed odvykac\u00ed stavy nebo zdravotn\u00ed komplikace vy\u017eaduj\u00edc\u00ed l\u00e9ka\u0159sk\u00fd dohled. Na\u0161i terapeuti cel\u00fd proces koordinuj\u00ed a navazuj\u00ed na n\u011bj kontinu\u00e1ln\u00ed l\u00e9\u010dbou v Centru Alkos, aby p\u0159echod mezi detoxem a terapi\u00ed byl co nejplynulej\u0161\u00ed a bezpe\u010dn\u00fd.<\/p><p>Tento propojen\u00fd p\u0159\u00edstup umo\u017e\u0148uje zah\u00e1jit l\u00e9\u010dbu v optim\u00e1ln\u00edm fyzick\u00e9m i psychick\u00e9m stavu a zvy\u0161uje tak \u0161anci na\u00a0trvalou\u00a0zm\u011bnu.<\/p><\/div>\t\t\t\t\t\t\t\t<\/div>\n\t\t\t\t<\/div>\n\t\t\t\t<div class=\"elementor-element elementor-element-ee08ace elementor-align-left elementor-laptop-align-center elementor-tablet-align-center elementor-widget elementor-widget-button\" data-id=\"ee08ace\" data-element_type=\"widget\" data-e-type=\"widget\" data-widget_type=\"button.default\">\n\t\t\t\t<div class=\"elementor-widget-container\">\n\t\t\t\t\t\t\t\t\t<div class=\"elementor-button-wrapper\">\n\t\t\t\t\t<a class=\"elementor-button elementor-button-link elementor-size-sm\" href=\"\/en\/rezervace\/\">\n\t\t\t\t\t\t<span class=\"elementor-button-content-wrapper\">\n\t\t\t\t\t\t\t\t\t<span class=\"elementor-button-text\">I want to arrange a meeting<\/span>\n\t\t\t\t\t<\/span>\n\t\t\t\t\t<\/a>\n\t\t\t\t<\/div>\n\t\t\t\t\t\t\t\t<\/div>\n\t\t\t\t<\/div>\n\t\t\t\t\t<\/div>\n\t\t\t\t<\/div>\n\t\t\t\t<\/div>","protected":false},"excerpt":{"rendered":"<p>L\u00e9ka\u0159sk\u00fd detox chci si domluvit sch\u016fzku Jak pom\u00e1h\u00e1me: &gt; Zaji\u0161t\u011bn\u00fd L\u00e9ka\u0159sk\u00fd detox p\u0159ed l\u00e9\u010dbou N\u011bkte\u0159\u00ed na\u0161i klienti pot\u0159ebuj\u00ed p\u0159ed samotnou l\u00e9\u010dbou i odborn\u011b veden\u00fd detoxika\u010dn\u00ed pobyt.\u00a0 V takov\u00fdch p\u0159\u00edpadech zprost\u0159edkov\u00e1v\u00e1me kr\u00e1tkodob\u00fd l\u00e9ka\u0159sk\u00fd detox ve specializovan\u00e9m zdravotnick\u00e9m za\u0159\u00edzen\u00ed, kter\u00fd je\u00a0pln\u011b hrazen zdravotn\u00ed poji\u0161\u0165ovnou.Detox je ur\u010den v\u00fdhradn\u011b pro klienty Centra Alkos, kte\u0159\u00ed mohou m\u00edt z\u00e1va\u017en\u011bj\u0161\u00ed odvykac\u00ed stavy [&hellip;]<\/p>\n","protected":false},"author":1,"featured_media":0,"parent":0,"menu_order":0,"comment_status":"closed","ping_status":"closed","template":"","meta":{"footnotes":""},"class_list":["post-4347","page","type-page","status-publish","hentry"],"_links":{"self":[{"href":"https:\/\/centrumalkos.cz\/en\/wp-json\/wp\/v2\/pages\/4347","targetHints":{"allow":["GET"]}}],"collection":[{"href":"https:\/\/centrumalkos.cz\/en\/wp-json\/wp\/v2\/pages"}],"about":[{"href":"https:\/\/centrumalkos.cz\/en\/wp-json\/wp\/v2\/types\/page"}],"author":[{"embeddable":true,"href":"https:\/\/centrumalkos.cz\/en\/wp-json\/wp\/v2\/users\/1"}],"replies":[{"embeddable":true,"href":"https:\/\/centrumalkos.cz\/en\/wp-json\/wp\/v2\/comments?post=4347"}],"version-history":[{"count":17,"href":"https:\/\/centrumalkos.cz\/en\/wp-json\/wp\/v2\/pages\/4347\/revisions"}],"predecessor-version":[{"id":4936,"href":"https:\/\/centrumalkos.cz\/en\/wp-json\/wp\/v2\/pages\/4347\/revisions\/4936"}],"wp:attachment":[{"href":"https:\/\/centrumalkos.cz\/en\/wp-json\/wp\/v2\/media?parent=4347"}],"curies":[{"name":"wp","href":"https:\/\/api.w.org\/{rel}","templated":true}]}}